{"id":3,"date":"2025-08-13T14:22:00","date_gmt":"2025-08-13T14:22:00","guid":{"rendered":"https:\/\/alecsanteri.fi\/?page_id=3"},"modified":"2025-08-14T10:42:16","modified_gmt":"2025-08-14T10:42:16","slug":"privacy-policy","status":"publish","type":"page","link":"https:\/\/alecsanteri.fi\/?page_id=3","title":{"rendered":"Tietosuojaseloste &#8211; alecsanteri.fi"},"content":{"rendered":"\n<p><\/p>\n\n\n\n<h3 class=\"wp-block-heading\"><strong>1. Ker\u00e4tt\u00e4v\u00e4t tiedot<\/strong><br>T\u00e4m\u00e4 sivusto voi ker\u00e4t\u00e4 seuraavia tietoja:<\/h3>\n\n\n\n<ul class=\"wp-block-list\">\n<li>Nimi ja s\u00e4hk\u00f6postiosoite, jos l\u00e4het\u00e4t viestin yhteydenottolomakkeen kautta<\/li>\n\n\n\n<li>Tekniset tiedot (IP-osoite, selain, laite), jotka tallentuvat automaattisesti palvelimen lokiin<\/li>\n\n\n\n<li>Ev\u00e4steet ja vastaavat teknologiat (esim. k\u00e4vij\u00e4seuranta, upotetut sis\u00e4ll\u00f6t kuten YouTube tai Spotify)<\/li>\n<\/ul>\n\n\n\n<p><strong>2. Tietojen k\u00e4ytt\u00f6tarkoitus<\/strong><br>Tietoja k\u00e4ytet\u00e4\u00e4n ainoastaan:<\/p>\n\n\n\n<ul class=\"wp-block-list\">\n<li>Yhteydenottoihin vastaamiseen<\/li>\n\n\n\n<li>Sivuston toiminnan parantamiseen<\/li>\n\n\n\n<li>Mahdolliseen analytiikkaan ja k\u00e4vij\u00e4m\u00e4\u00e4rien seuraamiseen<\/li>\n<\/ul>\n\n\n\n<p><strong>3. Tietojen s\u00e4ilytys ja suojaus<\/strong><br>Tietoja s\u00e4ilytet\u00e4\u00e4n vain niin kauan kuin on tarpeen k\u00e4ytt\u00f6tarkoituksen toteuttamiseksi.<br>Tietoja ei luovuteta kolmansille osapuolille, paitsi jos laki velvoittaa.<\/p>\n\n\n\n<p><strong>4. K\u00e4ytt\u00e4j\u00e4n oikeudet<\/strong><br>Sinulla on oikeus:<\/p>\n\n\n\n<ul class=\"wp-block-list\">\n<li>Pyyt\u00e4\u00e4 p\u00e4\u00e4sy\u00e4 sinusta tallennettuihin tietoihin<\/li>\n\n\n\n<li>Pyyt\u00e4\u00e4 tietojen korjaamista tai poistamista<\/li>\n\n\n\n<li>Vastustaa tietojen k\u00e4sittely\u00e4 lain sallimissa rajoissa<\/li>\n<\/ul>\n\n\n\n<p><\/p>\n\n\n\n<h2 class=\"wp-block-heading\">2025<\/h2>\n\n\n\n<p><\/p>\n","protected":false},"excerpt":{"rendered":"<p>1. Ker\u00e4tt\u00e4v\u00e4t tiedotT\u00e4m\u00e4 sivusto voi ker\u00e4t\u00e4 seuraavia tietoja: 2. Tietojen k\u00e4ytt\u00f6tarkoitusTietoja k\u00e4ytet\u00e4\u00e4n ainoastaan: 3. Tietojen s\u00e4ilytys ja suojausTietoja s\u00e4ilytet\u00e4\u00e4n vain niin kauan kuin on tarpeen k\u00e4ytt\u00f6tarkoituksen toteuttamiseksi.Tietoja ei luovuteta kolmansille osapuolille, paitsi jos laki velvoittaa. 4. K\u00e4ytt\u00e4j\u00e4n oikeudetSinulla on oikeus: 2025<\/p>\n","protected":false},"author":1,"featured_media":0,"parent":0,"menu_order":0,"comment_status":"closed","ping_status":"open","template":"","meta":{"footnotes":""},"class_list":["post-3","page","type-page","status-publish","hentry"],"_links":{"self":[{"href":"https:\/\/alecsanteri.fi\/index.php?rest_route=\/wp\/v2\/pages\/3","targetHints":{"allow":["GET"]}}],"collection":[{"href":"https:\/\/alecsanteri.fi\/index.php?rest_route=\/wp\/v2\/pages"}],"about":[{"href":"https:\/\/alecsanteri.fi\/index.php?rest_route=\/wp\/v2\/types\/page"}],"author":[{"embeddable":true,"href":"https:\/\/alecsanteri.fi\/index.php?rest_route=\/wp\/v2\/users\/1"}],"replies":[{"embeddable":true,"href":"https:\/\/alecsanteri.fi\/index.php?rest_route=%2Fwp%2Fv2%2Fcomments&post=3"}],"version-history":[{"count":1,"href":"https:\/\/alecsanteri.fi\/index.php?rest_route=\/wp\/v2\/pages\/3\/revisions"}],"predecessor-version":[{"id":38,"href":"https:\/\/alecsanteri.fi\/index.php?rest_route=\/wp\/v2\/pages\/3\/revisions\/38"}],"wp:attachment":[{"href":"https:\/\/alecsanteri.fi\/index.php?rest_route=%2Fwp%2Fv2%2Fmedia&parent=3"}],"curies":[{"name":"wp","href":"https:\/\/api.w.org\/{rel}","templated":true}]}}